{"id":31,"date":"2019-12-20T21:27:58","date_gmt":"2019-12-20T21:27:58","guid":{"rendered":"https:\/\/www.capricare.eu\/-hcp\/?page_id=31"},"modified":"2020-04-14T02:41:25","modified_gmt":"2020-04-14T02:41:25","slug":"politica-de-cookies","status":"publish","type":"page","link":"https:\/\/www.capricare.com.mx\/hcp\/politica-de-cookies\/","title":{"rendered":"Pol\u00edtica de cookies"},"content":{"rendered":"[vc_row type=&#8221;full_width_content&#8221; full_screen_row_position=&#8221;middle&#8221; column_margin=&#8221;default&#8221; bg_color=&#8221;#e4f2e2&#8243; scene_position=&#8221;center&#8221; text_color=&#8221;dark&#8221; text_align=&#8221;left&#8221; id=&#8221;bread-note&#8221; overlay_strength=&#8221;0.3&#8243; shape_divider_position=&#8221;bottom&#8221; bg_image_animation=&#8221;none&#8221; shape_type=&#8221;&#8221;][vc_column column_padding=&#8221;no-extra-padding&#8221; column_padding_position=&#8221;all&#8221; background_color_opacity=&#8221;1&#8243; background_hover_color_opacity=&#8221;1&#8243; column_link_target=&#8221;_self&#8221; column_shadow=&#8221;none&#8221; column_border_radius=&#8221;none&#8221; width=&#8221;1\/1&#8243; tablet_width_inherit=&#8221;default&#8221; tablet_text_alignment=&#8221;default&#8221; phone_text_alignment=&#8221;default&#8221; overlay_strength=&#8221;0.3&#8243; column_border_width=&#8221;none&#8221; column_border_style=&#8221;solid&#8221; bg_image_animation=&#8221;none&#8221;][divider line_type=&#8221;No Line&#8221; custom_height=&#8221;20&#8243;][vc_column_text el_class=&#8221;note&#8221;]Pol\u00edtica de cookies[\/vc_column_text][\/vc_column][\/vc_row][vc_row type=&#8221;full_width_background&#8221; full_screen_row_position=&#8221;middle&#8221; column_margin=&#8221;default&#8221; bg_color=&#8221;#e4f2e2&#8243; scene_position=&#8221;center&#8221; text_color=&#8221;dark&#8221; text_align=&#8221;left&#8221; class=&#8221;cc-terms&#8221; overlay_strength=&#8221;0.3&#8243; shape_divider_position=&#8221;bottom&#8221; bg_image_animation=&#8221;none&#8221; shape_type=&#8221;&#8221;][vc_column column_padding=&#8221;no-extra-padding&#8221; column_padding_position=&#8221;all&#8221; background_color_opacity=&#8221;1&#8243; background_hover_color_opacity=&#8221;1&#8243; column_link_target=&#8221;_self&#8221; column_shadow=&#8221;none&#8221; column_border_radius=&#8221;none&#8221; width=&#8221;1\/1&#8243; tablet_width_inherit=&#8221;default&#8221; tablet_text_alignment=&#8221;default&#8221; phone_text_alignment=&#8221;default&#8221; overlay_strength=&#8221;0.3&#8243; column_border_width=&#8221;none&#8221; column_border_style=&#8221;solid&#8221; bg_image_animation=&#8221;none&#8221;][divider line_type=&#8221;No Line&#8221; custom_height=&#8221;100&#8243;][vc_column_text]\n<h4>C\u00f3mo usamos las cookies<\/h4>\n<p>Capricare<sup>\u00ae<\/sup> quiere ser transparente en lo que respecta al uso de cookies y lo que eso significa para ti.<\/p>\n<p>Una cookie es un archivo peque\u00f1o que te pide permiso para instalarse en el disco duro de tu ordenador o en un dispositivo m\u00f3vil. En cuanto aceptes, el archivo se guardar\u00e1 y la cookie ayudar\u00e1 a analizar el tr\u00e1fico de la web o informar\u00e1 de tus visitas a un sitio concreto. Las cookies permiten a las aplicaciones web reaccionar ante ti de forma particular. La aplicaci\u00f3n web puede adaptar sus operaciones a tus necesidades y gustos al reunir y recordar la informaci\u00f3n sobre tus preferencias.<\/p>\n<p>Usamos cookies de registro del tr\u00e1fico para identificar qu\u00e9 p\u00e1ginas se est\u00e1n utilizando. Esto nos ayuda a analizar datos sobre el tr\u00e1fico del sitio web y c\u00f3mo mejorarlo para adaptarlo a las necesidades de nuestros clientes. Solo usamos esta informaci\u00f3n para fines de an\u00e1lisis estad\u00edsticos y, despu\u00e9s, los datos se eliminan del sistema.<\/p>\n<p>En general, las cookies nos ayudan a ofrecerte el mejor sitio web posible al permitirnos supervisar qu\u00e9 p\u00e1ginas te parece \u00fatiles y cu\u00e1les no. Una cookie no nos da de ninguna manera acceso a tu ordenador ni a ninguna informaci\u00f3n sobre ti m\u00e1s que aquella que hayas elegido compartir con nosotros.<\/p>\n<p>Puedes elegir entre aceptar o rechazar las cookies. La mayor\u00eda de navegadores web aceptan de forma autom\u00e1tica las cookies, pero normalmente puedes configurar el navegador para que las rechace si lo prefieres. No obstante, esto puede impedir que tengas a tu disposici\u00f3n todas las funciones del sitio web.[\/vc_column_text][divider line_type=&#8221;No Line&#8221; custom_height=&#8221;80&#8243;][\/vc_column][\/vc_row]\n","protected":false},"excerpt":{"rendered":"<p>[vc_row type=&#8221;full_width_content&#8221; full_screen_row_position=&#8221;middle&#8221; column_margin=&#8221;default&#8221; bg_color=&#8221;#e4f2e2&#8243; scene_position=&#8221;center&#8221; text_color=&#8221;dark&#8221; text_align=&#8221;left&#8221; id=&#8221;bread-note&#8221; overlay_strength=&#8221;0.3&#8243; shape_divider_position=&#8221;bottom&#8221; bg_image_animation=&#8221;none&#8221; shape_type=&#8221;&#8221;][vc_column column_padding=&#8221;no-extra-padding&#8221; column_padding_position=&#8221;all&#8221; background_color_opacity=&#8221;1&#8243; background_hover_color_opacity=&#8221;1&#8243; column_link_target=&#8221;_self&#8221; column_shadow=&#8221;none&#8221; column_border_radius=&#8221;none&#8221; width=&#8221;1\/1&#8243; tablet_width_inherit=&#8221;default&#8221; tablet_text_alignment=&#8221;default&#8221; phone_text_alignment=&#8221;default&#8221; overlay_strength=&#8221;0.3&#8243; column_border_width=&#8221;none&#8221; column_border_style=&#8221;solid&#8221; bg_image_animation=&#8221;none&#8221;][divider line_type=&#8221;No Line&#8221;&#8230;<\/p>\n","protected":false},"author":1,"featured_media":0,"parent":0,"menu_order":0,"comment_status":"closed","ping_status":"closed","template":"","meta":[],"yoast_head":"<!-- This site is optimized with the Yoast SEO plugin v21.1 - https:\/\/yoast.com\/wordpress\/plugins\/seo\/ -->\n<title>Pol\u00edtica de cookies - Capricare Mexico HCP<\/title>\n<meta name=\"description\" content=\"Your privacy is important to Capricare wants to be transparent in the way we use cookies. Cookies allow web applications to respond to you as an individual.\" \/>\n<meta name=\"robots\" content=\"index, follow, max-snippet:-1, max-image-preview:large, max-video-preview:-1\" \/>\n<link rel=\"canonical\" href=\"https:\/\/www.capricare.com.mx\/hcp\/politica-de-cookies\/\" \/>\n<meta property=\"og:locale\" content=\"en_US\" \/>\n<meta property=\"og:type\" content=\"article\" \/>\n<meta property=\"og:title\" content=\"Pol\u00edtica de cookies - Capricare Mexico HCP\" \/>\n<meta property=\"og:description\" content=\"Your privacy is important to Capricare wants to be transparent in the way we use cookies. Cookies allow web applications to respond to you as an individual.\" \/>\n<meta property=\"og:url\" content=\"https:\/\/www.capricare.com.mx\/hcp\/politica-de-cookies\/\" \/>\n<meta property=\"og:site_name\" content=\"Capricare Mexico HCP\" \/>\n<meta property=\"article:modified_time\" content=\"2020-04-14T02:41:25+00:00\" \/>\n<meta name=\"twitter:card\" content=\"summary_large_image\" \/>\n<meta name=\"twitter:label1\" content=\"Est. reading time\" \/>\n\t<meta name=\"twitter:data1\" content=\"3 minutes\" \/>\n<script type=\"application\/ld+json\" class=\"yoast-schema-graph\">{\"@context\":\"https:\/\/schema.org\",\"@graph\":[{\"@type\":\"WebPage\",\"@id\":\"https:\/\/www.capricare.com.mx\/hcp\/politica-de-cookies\/\",\"url\":\"https:\/\/www.capricare.com.mx\/hcp\/politica-de-cookies\/\",\"name\":\"Pol\u00edtica de cookies - Capricare Mexico HCP\",\"isPartOf\":{\"@id\":\"https:\/\/www.capricare.com.mx\/hcp\/#website\"},\"datePublished\":\"2019-12-20T21:27:58+00:00\",\"dateModified\":\"2020-04-14T02:41:25+00:00\",\"description\":\"Your privacy is important to Capricare wants to be transparent in the way we use cookies. Cookies allow web applications to respond to you as an individual.\",\"breadcrumb\":{\"@id\":\"https:\/\/www.capricare.com.mx\/hcp\/politica-de-cookies\/#breadcrumb\"},\"inLanguage\":\"en-NZ\",\"potentialAction\":[{\"@type\":\"ReadAction\",\"target\":[\"https:\/\/www.capricare.com.mx\/hcp\/politica-de-cookies\/\"]}]},{\"@type\":\"BreadcrumbList\",\"@id\":\"https:\/\/www.capricare.com.mx\/hcp\/politica-de-cookies\/#breadcrumb\",\"itemListElement\":[{\"@type\":\"ListItem\",\"position\":1,\"name\":\"Home\",\"item\":\"https:\/\/www.capricare.com.mx\/hcp\/\"},{\"@type\":\"ListItem\",\"position\":2,\"name\":\"Pol\u00edtica de cookies\"}]},{\"@type\":\"WebSite\",\"@id\":\"https:\/\/www.capricare.com.mx\/hcp\/#website\",\"url\":\"https:\/\/www.capricare.com.mx\/hcp\/\",\"name\":\"Capricare Mexico HCP\",\"description\":\"\",\"potentialAction\":[{\"@type\":\"SearchAction\",\"target\":{\"@type\":\"EntryPoint\",\"urlTemplate\":\"https:\/\/www.capricare.com.mx\/hcp\/?s={search_term_string}\"},\"query-input\":\"required name=search_term_string\"}],\"inLanguage\":\"en-NZ\"}]}<\/script>\n<!-- \/ Yoast SEO plugin. -->","yoast_head_json":{"title":"Pol\u00edtica de cookies - Capricare Mexico HCP","description":"Your privacy is important to Capricare wants to be transparent in the way we use cookies. Cookies allow web applications to respond to you as an individual.","robots":{"index":"index","follow":"follow","max-snippet":"max-snippet:-1","max-image-preview":"max-image-preview:large","max-video-preview":"max-video-preview:-1"},"canonical":"https:\/\/www.capricare.com.mx\/hcp\/politica-de-cookies\/","og_locale":"en_US","og_type":"article","og_title":"Pol\u00edtica de cookies - Capricare Mexico HCP","og_description":"Your privacy is important to Capricare wants to be transparent in the way we use cookies. Cookies allow web applications to respond to you as an individual.","og_url":"https:\/\/www.capricare.com.mx\/hcp\/politica-de-cookies\/","og_site_name":"Capricare Mexico HCP","article_modified_time":"2020-04-14T02:41:25+00:00","twitter_card":"summary_large_image","twitter_misc":{"Est. reading time":"3 minutes"},"schema":{"@context":"https:\/\/schema.org","@graph":[{"@type":"WebPage","@id":"https:\/\/www.capricare.com.mx\/hcp\/politica-de-cookies\/","url":"https:\/\/www.capricare.com.mx\/hcp\/politica-de-cookies\/","name":"Pol\u00edtica de cookies - Capricare Mexico HCP","isPartOf":{"@id":"https:\/\/www.capricare.com.mx\/hcp\/#website"},"datePublished":"2019-12-20T21:27:58+00:00","dateModified":"2020-04-14T02:41:25+00:00","description":"Your privacy is important to Capricare wants to be transparent in the way we use cookies. Cookies allow web applications to respond to you as an individual.","breadcrumb":{"@id":"https:\/\/www.capricare.com.mx\/hcp\/politica-de-cookies\/#breadcrumb"},"inLanguage":"en-NZ","potentialAction":[{"@type":"ReadAction","target":["https:\/\/www.capricare.com.mx\/hcp\/politica-de-cookies\/"]}]},{"@type":"BreadcrumbList","@id":"https:\/\/www.capricare.com.mx\/hcp\/politica-de-cookies\/#breadcrumb","itemListElement":[{"@type":"ListItem","position":1,"name":"Home","item":"https:\/\/www.capricare.com.mx\/hcp\/"},{"@type":"ListItem","position":2,"name":"Pol\u00edtica de cookies"}]},{"@type":"WebSite","@id":"https:\/\/www.capricare.com.mx\/hcp\/#website","url":"https:\/\/www.capricare.com.mx\/hcp\/","name":"Capricare Mexico HCP","description":"","potentialAction":[{"@type":"SearchAction","target":{"@type":"EntryPoint","urlTemplate":"https:\/\/www.capricare.com.mx\/hcp\/?s={search_term_string}"},"query-input":"required name=search_term_string"}],"inLanguage":"en-NZ"}]}},"_links":{"self":[{"href":"https:\/\/www.capricare.com.mx\/hcp\/wp-json\/wp\/v2\/pages\/31"}],"collection":[{"href":"https:\/\/www.capricare.com.mx\/hcp\/wp-json\/wp\/v2\/pages"}],"about":[{"href":"https:\/\/www.capricare.com.mx\/hcp\/wp-json\/wp\/v2\/types\/page"}],"author":[{"embeddable":true,"href":"https:\/\/www.capricare.com.mx\/hcp\/wp-json\/wp\/v2\/users\/1"}],"replies":[{"embeddable":true,"href":"https:\/\/www.capricare.com.mx\/hcp\/wp-json\/wp\/v2\/comments?post=31"}],"version-history":[{"count":10,"href":"https:\/\/www.capricare.com.mx\/hcp\/wp-json\/wp\/v2\/pages\/31\/revisions"}],"predecessor-version":[{"id":850,"href":"https:\/\/www.capricare.com.mx\/hcp\/wp-json\/wp\/v2\/pages\/31\/revisions\/850"}],"wp:attachment":[{"href":"https:\/\/www.capricare.com.mx\/hcp\/wp-json\/wp\/v2\/media?parent=31"}],"curies":[{"name":"wp","href":"https:\/\/api.w.org\/{rel}","templated":true}]}}