{"id":25,"date":"2019-12-20T21:25:50","date_gmt":"2019-12-20T21:25:50","guid":{"rendered":"https:\/\/www.capricare.eu\/-hcp\/?page_id=25"},"modified":"2020-10-07T00:57:21","modified_gmt":"2020-10-07T00:57:21","slug":"preguntas-frecuentes","status":"publish","type":"page","link":"https:\/\/www.capricare.com.mx\/hcp\/preguntas-frecuentes\/","title":{"rendered":"Preguntas frecuentes"},"content":{"rendered":"[vc_row type=&#8221;full_width_content&#8221; full_screen_row_position=&#8221;middle&#8221; column_margin=&#8221;default&#8221; bg_color=&#8221;#e4f2e2&#8243; scene_position=&#8221;center&#8221; text_color=&#8221;dark&#8221; text_align=&#8221;left&#8221; id=&#8221;bread-note&#8221; overlay_strength=&#8221;0.3&#8243; shape_divider_position=&#8221;bottom&#8221; bg_image_animation=&#8221;none&#8221; shape_type=&#8221;&#8221;][vc_column column_padding=&#8221;no-extra-padding&#8221; column_padding_position=&#8221;all&#8221; background_color_opacity=&#8221;1&#8243; background_hover_color_opacity=&#8221;1&#8243; column_link_target=&#8221;_self&#8221; column_shadow=&#8221;none&#8221; column_border_radius=&#8221;none&#8221; width=&#8221;1\/1&#8243; tablet_width_inherit=&#8221;default&#8221; tablet_text_alignment=&#8221;default&#8221; phone_text_alignment=&#8221;default&#8221; overlay_strength=&#8221;0.3&#8243; column_border_width=&#8221;none&#8221; column_border_style=&#8221;solid&#8221; bg_image_animation=&#8221;none&#8221;][divider line_type=&#8221;No Line&#8221; custom_height=&#8221;20&#8243;][vc_column_text el_class=&#8221;note&#8221;]Preguntas frecuentes[\/vc_column_text][divider line_type=&#8221;No Line&#8221; custom_height=&#8221;100&#8243;][\/vc_column][\/vc_row][vc_row type=&#8221;full_width_background&#8221; full_screen_row_position=&#8221;middle&#8221; column_margin=&#8221;default&#8221; bg_color=&#8221;#e4f2e2&#8243; scene_position=&#8221;center&#8221; text_color=&#8221;dark&#8221; text_align=&#8221;left&#8221; top_padding=&#8221;80&#8243; class=&#8221;cc-terms&#8221; overlay_strength=&#8221;0.3&#8243; shape_divider_position=&#8221;bottom&#8221; bg_image_animation=&#8221;none&#8221; shape_type=&#8221;&#8221;][vc_column column_padding=&#8221;no-extra-padding&#8221; column_padding_position=&#8221;all&#8221; background_color_opacity=&#8221;1&#8243; background_hover_color_opacity=&#8221;1&#8243; column_link_target=&#8221;_self&#8221; column_shadow=&#8221;none&#8221; column_border_radius=&#8221;none&#8221; width=&#8221;1\/2&#8243; tablet_width_inherit=&#8221;default&#8221; tablet_text_alignment=&#8221;default&#8221; phone_text_alignment=&#8221;default&#8221; overlay_strength=&#8221;0.3&#8243; column_border_width=&#8221;none&#8221; column_border_style=&#8221;solid&#8221; bg_image_animation=&#8221;none&#8221;][divider line_type=&#8221;No Line&#8221; custom_height=&#8221;40&#8243;][vc_column_text]\n<h4>\u00bfCu\u00e1nto tiempo lleva comercializ\u00e1ndose la f\u00f3rmula de leche de cabra?<\/h4>\n<p>La f\u00f3rmula de leche de cabra se us\u00f3 por primera vez en Nueva Zelanda y Australia hace m\u00e1s de 30 a\u00f1os. Capricare<sup>\u00ae<\/sup> es obra de la cooperativa Dairy Goat Co-operative, la pionera e inventora de la f\u00f3rmula a base de leche de cabra para beb\u00e9s.<\/p>\n<h4>\u00bfPuede Capricare<sup>\u00ae<\/sup> mezclarse con otras leches de f\u00f3rmula?<\/h4>\n<p>La f\u00f3rmula est\u00e1 dise\u00f1ada para proporcionar determinada cantidad de nutrientes por cada cucharada. No pasa nada por mezclar f\u00f3rmulas durante un breve periodo de tiempo (3-7 d\u00edas) al cambiar de una f\u00f3rmula a otra. No obstante, mezclar leches de f\u00f3rmula durante un periodo superior tiene el riesgo de hacer que el alimento est\u00e9 demasiado concentrado o muy poco concentrado y que cause malestar o un desequilibrio de los nutrientes.<\/p>\n<h4>\u00bfC\u00f3mo cambiar a Capricare<sup>\u00ae<\/sup> desde otra leche de f\u00f3rmula?<\/h4>\n<p>La mejor forma es hacerlo de manera gradual en un plazo de 3 a 7 d\u00edas. Comienza reemplazando una cucharada de la leche de f\u00f3rmula actual con Capricare<sup>\u00ae<\/sup> cuando prepares el biber\u00f3n. Tras 1 \u00f3 2 d\u00edas, reemplaza m\u00e1s cucharadas con Capricare\u00ae hasta que finalmente todas las cucharadas sean de Capricare<sup>\u00ae<\/sup>.<\/p>\n<h4>\u00bfSon los niveles de hierro y \u00e1cido f\u00f3lico los adecuados en Capricare<sup>\u00ae<\/sup>?<\/h4>\n<p>Al igual que las f\u00f3rmulas de leche de vaca, la f\u00f3rmula de leche de cabra necesita complementarse con vitaminas y minerales para satisfacer las necesidades de los beb\u00e9s. Las vitaminas y los minerales, como el \u00e1cido f\u00f3lico, la vitamina B12, C, D, E y el hierro est\u00e1n presentes en Capricare\u00ae en las cantidades adecuadas para proporcionar las ingestas* necesarias para tu beb\u00e9.<br \/>\n*Conforme a la normativa de la UE.<\/p>\n<h4>\u00bfC\u00f3mo huele y sabe Capricare<sup>\u00ae<\/sup>?<\/h4>\n<p>Nuestra leche procede de cabras bien alimentadas que se cr\u00edan en condiciones saludables. A continuaci\u00f3n, la leche se somete a un proceso de tratamiento delicado. El resultado es una leche de f\u00f3rmula con un sabor y olor suaves.[\/vc_column_text][\/vc_column][vc_column column_padding=&#8221;no-extra-padding&#8221; column_padding_position=&#8221;all&#8221; background_color_opacity=&#8221;1&#8243; background_hover_color_opacity=&#8221;1&#8243; column_link_target=&#8221;_self&#8221; column_shadow=&#8221;none&#8221; column_border_radius=&#8221;none&#8221; el_class=&#8221;faq-right&#8221; width=&#8221;1\/2&#8243; tablet_width_inherit=&#8221;default&#8221; tablet_text_alignment=&#8221;default&#8221; phone_text_alignment=&#8221;default&#8221; overlay_strength=&#8221;0.3&#8243; column_border_width=&#8221;none&#8221; column_border_style=&#8221;solid&#8221; bg_image_animation=&#8221;none&#8221;][vc_column_text]\n<h4>\u00bfDe d\u00f3nde procede Capricare<sup>\u00ae<\/sup>?<\/h4>\n<p>Capricare<sup>\u00ae<\/sup> es obra de la cooperativa Dairy Goat Co-operative, la pionera y l\u00edder mundial en lo que respecta a leches de f\u00f3rmula para beb\u00e9s elaboradas con leche de cabra. Dairy Goat Co-operative se encuentra en Nueva Zelanda y pertenece a los granjeros que suministran la leche. Sus granjas se encuentran en algunos de los pastos m\u00e1s ricos de Nueva Zelanda.<\/p>\n<h4>\u00bfC\u00f3mo se cr\u00edan las cabras?<\/h4>\n<p>Las cabras se resguardan en establos abiertos para que est\u00e9n expuestas a la luz natural y al aire fresco. Tienen suficiente espacio para moverse libremente o tumbarse. Las cabras tienen acceso libre a su comida.<\/p>\n<h4>\u00bfLos ganaderos usan antibi\u00f3ticos?<\/h4>\n<p>El uso de todos los medicamentos, incluidos los antibi\u00f3ticos, est\u00e1 estrictamente regulado en Nueva Zelanda. Los antibi\u00f3ticos se usan en algunas circunstancias excepcionales para tratar las infecciones. En este caso, toda la leche que se recoge durante el periodo de tratamiento y varios d\u00edas despu\u00e9s se descarta. Se realizan pruebas rutinarias en la leche con cada suministro para garantizar que no quedan residuos de los medicamentos.<\/p>\n<h4>\u00bfD\u00f3nde m\u00e1s puedo encontrar la leche de f\u00f3rmula Capricare<sup>\u00ae<\/sup>?<\/h4>\n<p>Sus f\u00f3rmulas se pueden encontrar en 30 pa\u00edses de todo el mundo. Se llama Capricare<sup>\u00ae<\/sup> o se la conoce por otros nombres como Karihome, DG, Golden Goat o Nanny.[\/vc_column_text][\/vc_column][\/vc_row][vc_row type=&#8221;full_width_background&#8221; full_screen_row_position=&#8221;middle&#8221; column_margin=&#8221;default&#8221; bg_color=&#8221;#e4f2e2&#8243; scene_position=&#8221;center&#8221; text_color=&#8221;dark&#8221; text_align=&#8221;left&#8221; overlay_strength=&#8221;0.3&#8243; shape_divider_position=&#8221;bottom&#8221; bg_image_animation=&#8221;none&#8221; shape_type=&#8221;&#8221;][vc_column column_padding=&#8221;no-extra-padding&#8221; column_padding_position=&#8221;all&#8221; background_color_opacity=&#8221;1&#8243; background_hover_color_opacity=&#8221;1&#8243; column_link_target=&#8221;_self&#8221; column_shadow=&#8221;none&#8221; column_border_radius=&#8221;none&#8221; width=&#8221;1\/1&#8243; tablet_width_inherit=&#8221;default&#8221; tablet_text_alignment=&#8221;default&#8221; phone_text_alignment=&#8221;default&#8221; overlay_strength=&#8221;0.3&#8243; column_border_width=&#8221;none&#8221; column_border_style=&#8221;solid&#8221; bg_image_animation=&#8221;none&#8221;][divider line_type=&#8221;No Line&#8221; custom_height=&#8221;80&#8243;][\/vc_column][\/vc_row]\n","protected":false},"excerpt":{"rendered":"<p>[vc_row type=&#8221;full_width_content&#8221; full_screen_row_position=&#8221;middle&#8221; column_margin=&#8221;default&#8221; bg_color=&#8221;#e4f2e2&#8243; scene_position=&#8221;center&#8221; text_color=&#8221;dark&#8221; text_align=&#8221;left&#8221; id=&#8221;bread-note&#8221; overlay_strength=&#8221;0.3&#8243; shape_divider_position=&#8221;bottom&#8221; bg_image_animation=&#8221;none&#8221; shape_type=&#8221;&#8221;][vc_column column_padding=&#8221;no-extra-padding&#8221; column_padding_position=&#8221;all&#8221; background_color_opacity=&#8221;1&#8243; background_hover_color_opacity=&#8221;1&#8243; column_link_target=&#8221;_self&#8221; column_shadow=&#8221;none&#8221; column_border_radius=&#8221;none&#8221; width=&#8221;1\/1&#8243; tablet_width_inherit=&#8221;default&#8221; tablet_text_alignment=&#8221;default&#8221; phone_text_alignment=&#8221;default&#8221; overlay_strength=&#8221;0.3&#8243; column_border_width=&#8221;none&#8221; column_border_style=&#8221;solid&#8221; bg_image_animation=&#8221;none&#8221;][divider line_type=&#8221;No Line&#8221;&#8230;<\/p>\n","protected":false},"author":1,"featured_media":0,"parent":0,"menu_order":0,"comment_status":"closed","ping_status":"closed","template":"","meta":[],"yoast_head":"<!-- This site is optimized with the Yoast SEO plugin v21.1 - https:\/\/yoast.com\/wordpress\/plugins\/seo\/ -->\n<title>Preguntas frecuentes - Capricare Mexico HCP<\/title>\n<meta name=\"description\" content=\"Goat milk infant formula was first used in New Zealand for over 30 years ago. Dairy Goat Co-operative the pioneer and inventor of goat milk infant formula.\" \/>\n<meta name=\"robots\" content=\"index, follow, max-snippet:-1, max-image-preview:large, max-video-preview:-1\" \/>\n<link rel=\"canonical\" href=\"https:\/\/www.capricare.com.mx\/hcp\/preguntas-frecuentes\/\" \/>\n<meta property=\"og:locale\" content=\"en_US\" \/>\n<meta property=\"og:type\" content=\"article\" \/>\n<meta property=\"og:title\" content=\"Preguntas frecuentes - Capricare Mexico HCP\" \/>\n<meta property=\"og:description\" content=\"Goat milk infant formula was first used in New Zealand for over 30 years ago. Dairy Goat Co-operative the pioneer and inventor of goat milk infant formula.\" \/>\n<meta property=\"og:url\" content=\"https:\/\/www.capricare.com.mx\/hcp\/preguntas-frecuentes\/\" \/>\n<meta property=\"og:site_name\" content=\"Capricare Mexico HCP\" \/>\n<meta property=\"article:modified_time\" content=\"2020-10-07T00:57:21+00:00\" \/>\n<meta name=\"twitter:card\" content=\"summary_large_image\" \/>\n<meta name=\"twitter:label1\" content=\"Est. reading time\" \/>\n\t<meta name=\"twitter:data1\" content=\"5 minutes\" \/>\n<script type=\"application\/ld+json\" class=\"yoast-schema-graph\">{\"@context\":\"https:\/\/schema.org\",\"@graph\":[{\"@type\":\"WebPage\",\"@id\":\"https:\/\/www.capricare.com.mx\/hcp\/preguntas-frecuentes\/\",\"url\":\"https:\/\/www.capricare.com.mx\/hcp\/preguntas-frecuentes\/\",\"name\":\"Preguntas frecuentes - Capricare Mexico HCP\",\"isPartOf\":{\"@id\":\"https:\/\/www.capricare.com.mx\/hcp\/#website\"},\"datePublished\":\"2019-12-20T21:25:50+00:00\",\"dateModified\":\"2020-10-07T00:57:21+00:00\",\"description\":\"Goat milk infant formula was first used in New Zealand for over 30 years ago. Dairy Goat Co-operative the pioneer and inventor of goat milk infant formula.\",\"breadcrumb\":{\"@id\":\"https:\/\/www.capricare.com.mx\/hcp\/preguntas-frecuentes\/#breadcrumb\"},\"inLanguage\":\"en-NZ\",\"potentialAction\":[{\"@type\":\"ReadAction\",\"target\":[\"https:\/\/www.capricare.com.mx\/hcp\/preguntas-frecuentes\/\"]}]},{\"@type\":\"BreadcrumbList\",\"@id\":\"https:\/\/www.capricare.com.mx\/hcp\/preguntas-frecuentes\/#breadcrumb\",\"itemListElement\":[{\"@type\":\"ListItem\",\"position\":1,\"name\":\"Home\",\"item\":\"https:\/\/www.capricare.com.mx\/hcp\/\"},{\"@type\":\"ListItem\",\"position\":2,\"name\":\"Preguntas frecuentes\"}]},{\"@type\":\"WebSite\",\"@id\":\"https:\/\/www.capricare.com.mx\/hcp\/#website\",\"url\":\"https:\/\/www.capricare.com.mx\/hcp\/\",\"name\":\"Capricare Mexico HCP\",\"description\":\"\",\"potentialAction\":[{\"@type\":\"SearchAction\",\"target\":{\"@type\":\"EntryPoint\",\"urlTemplate\":\"https:\/\/www.capricare.com.mx\/hcp\/?s={search_term_string}\"},\"query-input\":\"required name=search_term_string\"}],\"inLanguage\":\"en-NZ\"}]}<\/script>\n<!-- \/ Yoast SEO plugin. -->","yoast_head_json":{"title":"Preguntas frecuentes - Capricare Mexico HCP","description":"Goat milk infant formula was first used in New Zealand for over 30 years ago. Dairy Goat Co-operative the pioneer and inventor of goat milk infant formula.","robots":{"index":"index","follow":"follow","max-snippet":"max-snippet:-1","max-image-preview":"max-image-preview:large","max-video-preview":"max-video-preview:-1"},"canonical":"https:\/\/www.capricare.com.mx\/hcp\/preguntas-frecuentes\/","og_locale":"en_US","og_type":"article","og_title":"Preguntas frecuentes - Capricare Mexico HCP","og_description":"Goat milk infant formula was first used in New Zealand for over 30 years ago. Dairy Goat Co-operative the pioneer and inventor of goat milk infant formula.","og_url":"https:\/\/www.capricare.com.mx\/hcp\/preguntas-frecuentes\/","og_site_name":"Capricare Mexico HCP","article_modified_time":"2020-10-07T00:57:21+00:00","twitter_card":"summary_large_image","twitter_misc":{"Est. reading time":"5 minutes"},"schema":{"@context":"https:\/\/schema.org","@graph":[{"@type":"WebPage","@id":"https:\/\/www.capricare.com.mx\/hcp\/preguntas-frecuentes\/","url":"https:\/\/www.capricare.com.mx\/hcp\/preguntas-frecuentes\/","name":"Preguntas frecuentes - Capricare Mexico HCP","isPartOf":{"@id":"https:\/\/www.capricare.com.mx\/hcp\/#website"},"datePublished":"2019-12-20T21:25:50+00:00","dateModified":"2020-10-07T00:57:21+00:00","description":"Goat milk infant formula was first used in New Zealand for over 30 years ago. Dairy Goat Co-operative the pioneer and inventor of goat milk infant formula.","breadcrumb":{"@id":"https:\/\/www.capricare.com.mx\/hcp\/preguntas-frecuentes\/#breadcrumb"},"inLanguage":"en-NZ","potentialAction":[{"@type":"ReadAction","target":["https:\/\/www.capricare.com.mx\/hcp\/preguntas-frecuentes\/"]}]},{"@type":"BreadcrumbList","@id":"https:\/\/www.capricare.com.mx\/hcp\/preguntas-frecuentes\/#breadcrumb","itemListElement":[{"@type":"ListItem","position":1,"name":"Home","item":"https:\/\/www.capricare.com.mx\/hcp\/"},{"@type":"ListItem","position":2,"name":"Preguntas frecuentes"}]},{"@type":"WebSite","@id":"https:\/\/www.capricare.com.mx\/hcp\/#website","url":"https:\/\/www.capricare.com.mx\/hcp\/","name":"Capricare Mexico HCP","description":"","potentialAction":[{"@type":"SearchAction","target":{"@type":"EntryPoint","urlTemplate":"https:\/\/www.capricare.com.mx\/hcp\/?s={search_term_string}"},"query-input":"required name=search_term_string"}],"inLanguage":"en-NZ"}]}},"_links":{"self":[{"href":"https:\/\/www.capricare.com.mx\/hcp\/wp-json\/wp\/v2\/pages\/25"}],"collection":[{"href":"https:\/\/www.capricare.com.mx\/hcp\/wp-json\/wp\/v2\/pages"}],"about":[{"href":"https:\/\/www.capricare.com.mx\/hcp\/wp-json\/wp\/v2\/types\/page"}],"author":[{"embeddable":true,"href":"https:\/\/www.capricare.com.mx\/hcp\/wp-json\/wp\/v2\/users\/1"}],"replies":[{"embeddable":true,"href":"https:\/\/www.capricare.com.mx\/hcp\/wp-json\/wp\/v2\/comments?post=25"}],"version-history":[{"count":17,"href":"https:\/\/www.capricare.com.mx\/hcp\/wp-json\/wp\/v2\/pages\/25\/revisions"}],"predecessor-version":[{"id":1124,"href":"https:\/\/www.capricare.com.mx\/hcp\/wp-json\/wp\/v2\/pages\/25\/revisions\/1124"}],"wp:attachment":[{"href":"https:\/\/www.capricare.com.mx\/hcp\/wp-json\/wp\/v2\/media?parent=25"}],"curies":[{"name":"wp","href":"https:\/\/api.w.org\/{rel}","templated":true}]}}