{"id":18,"date":"2019-12-20T21:22:55","date_gmt":"2019-12-20T21:22:55","guid":{"rendered":"https:\/\/www.capricare.eu\/-hcp\/?page_id=18"},"modified":"2025-10-16T16:57:43","modified_gmt":"2025-10-16T16:57:43","slug":"acerca-de-capricare","status":"publish","type":"page","link":"https:\/\/www.capricare.com.mx\/hcp\/acerca-de-capricare\/","title":{"rendered":"Sobre nosotros"},"content":{"rendered":"[vc_row type=&#8221;full_width_background&#8221; full_screen_row_position=&#8221;middle&#8221; equal_height=&#8221;yes&#8221; content_placement=&#8221;middle&#8221; column_margin=&#8221;default&#8221; scene_position=&#8221;center&#8221; text_color=&#8221;dark&#8221; text_align=&#8221;left&#8221; id=&#8221;about-hcp&#8221; overlay_strength=&#8221;0.3&#8243; shape_divider_position=&#8221;bottom&#8221; bg_image_animation=&#8221;none&#8221; shape_type=&#8221;&#8221;][vc_column column_padding=&#8221;no-extra-padding&#8221; column_padding_position=&#8221;all&#8221; background_color_opacity=&#8221;1&#8243; background_hover_color_opacity=&#8221;1&#8243; column_link_target=&#8221;_self&#8221; column_shadow=&#8221;none&#8221; column_border_radius=&#8221;none&#8221; width=&#8221;1\/1&#8243; tablet_width_inherit=&#8221;default&#8221; tablet_text_alignment=&#8221;default&#8221; phone_text_alignment=&#8221;default&#8221; overlay_strength=&#8221;0.3&#8243; column_border_width=&#8221;none&#8221; column_border_style=&#8221;solid&#8221; bg_image_animation=&#8221;none&#8221;][vc_row_inner content_placement=&#8221;middle&#8221; column_margin=&#8221;default&#8221; top_padding=&#8221;5%&#8221; bottom_padding=&#8221;5%&#8221; text_align=&#8221;left&#8221; class=&#8221;reverse-row&#8221;][vc_column_inner column_padding=&#8221;no-extra-padding&#8221; column_padding_position=&#8221;all&#8221; background_color_opacity=&#8221;1&#8243; background_hover_color_opacity=&#8221;1&#8243; column_shadow=&#8221;none&#8221; column_border_radius=&#8221;none&#8221; column_link_target=&#8221;_self&#8221; width=&#8221;3\/4&#8243; tablet_width_inherit=&#8221;default&#8221; overlay_strength=&#8221;0.3&#8243; column_border_width=&#8221;none&#8221; column_border_style=&#8221;solid&#8221; bg_image_animation=&#8221;none&#8221;][image_with_animation image_url=&#8221;802&#8243; alignment=&#8221;center&#8221; animation=&#8221;Fade In&#8221; hover_animation=&#8221;none&#8221; border_radius=&#8221;none&#8221; box_shadow=&#8221;none&#8221; image_loading=&#8221;default&#8221; max_width=&#8221;100%&#8221; max_width_mobile=&#8221;default&#8221; delay=&#8221;350&#8243; el_class=&#8221;about-dgc&#8221;][\/vc_column_inner][vc_column_inner column_padding=&#8221;no-extra-padding&#8221; column_padding_position=&#8221;all&#8221; background_color_opacity=&#8221;1&#8243; background_hover_color_opacity=&#8221;1&#8243; column_shadow=&#8221;none&#8221; column_border_radius=&#8221;none&#8221; column_link_target=&#8221;_self&#8221; width=&#8221;1\/4&#8243; tablet_width_inherit=&#8221;default&#8221; overlay_strength=&#8221;0.3&#8243; column_border_width=&#8221;none&#8221; column_border_style=&#8221;solid&#8221; bg_image_animation=&#8221;none&#8221;][divider line_type=&#8221;No Line&#8221; custom_height=&#8221;50&#8243;][vc_column_text]\n<h1><strong>La cooperativa Dairy Goat Co-operative,<\/strong> que es la que elabora Capricare,\u00a0lleva alimentando a beb\u00e9s mediante f\u00f3rmulas a base de leche de cabra durante m\u00e1s de 30 a\u00f1os alrededor de 30 pa\u00edses.<\/h1>\n[\/vc_column_text][\/vc_column_inner][\/vc_row_inner][\/vc_column][\/vc_row][vc_row type=&#8221;full_width_background&#8221; full_screen_row_position=&#8221;middle&#8221; column_margin=&#8221;default&#8221; bg_color=&#8221;#ffffff&#8221; scene_position=&#8221;center&#8221; text_color=&#8221;dark&#8221; text_align=&#8221;left&#8221; id=&#8221;journey-hcp&#8221; overlay_strength=&#8221;0.3&#8243; shape_divider_position=&#8221;bottom&#8221; bg_image_animation=&#8221;none&#8221; shape_type=&#8221;&#8221;][vc_column column_padding=&#8221;no-extra-padding&#8221; column_padding_position=&#8221;all&#8221; background_color_opacity=&#8221;1&#8243; background_hover_color_opacity=&#8221;1&#8243; column_link_target=&#8221;_self&#8221; column_shadow=&#8221;none&#8221; column_border_radius=&#8221;none&#8221; width=&#8221;1\/1&#8243; tablet_width_inherit=&#8221;default&#8221; tablet_text_alignment=&#8221;default&#8221; phone_text_alignment=&#8221;default&#8221; overlay_strength=&#8221;0.3&#8243; column_border_width=&#8221;none&#8221; column_border_style=&#8221;solid&#8221; bg_image_animation=&#8221;none&#8221;][vc_column_text]\n<p style=\"text-align: center;\"><a href=\"#about-video-hcp\">CON\u00d3CENOS M\u00c1S<\/a><\/p>\n[\/vc_column_text][divider line_type=&#8221;No Line&#8221; custom_height=&#8221;60&#8243;][\/vc_column][\/vc_row][vc_row type=&#8221;in_container&#8221; full_screen_row_position=&#8221;middle&#8221; column_margin=&#8221;default&#8221; scene_position=&#8221;center&#8221; text_color=&#8221;dark&#8221; text_align=&#8221;left&#8221; id=&#8221;about-video-hcp&#8221; overlay_strength=&#8221;0.3&#8243; shape_divider_position=&#8221;bottom&#8221; bg_image_animation=&#8221;none&#8221; shape_type=&#8221;&#8221;][vc_column column_padding=&#8221;no-extra-padding&#8221; column_padding_position=&#8221;all&#8221; background_color_opacity=&#8221;1&#8243; background_hover_color_opacity=&#8221;1&#8243; column_link_target=&#8221;_self&#8221; column_shadow=&#8221;none&#8221; column_border_radius=&#8221;none&#8221; width=&#8221;1\/4&#8243; tablet_width_inherit=&#8221;default&#8221; tablet_text_alignment=&#8221;default&#8221; phone_text_alignment=&#8221;default&#8221; overlay_strength=&#8221;0.3&#8243; column_border_width=&#8221;none&#8221; column_border_style=&#8221;solid&#8221; bg_image_animation=&#8221;none&#8221;][vc_column_text]\n<h4>L\u00edderes y pioneros a nivel mundial en nutrici\u00f3n infantil basada en leche de cabra.<\/h4>\n[\/vc_column_text][\/vc_column][vc_column column_padding=&#8221;no-extra-padding&#8221; column_padding_position=&#8221;all&#8221; background_color_opacity=&#8221;1&#8243; background_hover_color_opacity=&#8221;1&#8243; column_link_target=&#8221;_self&#8221; column_shadow=&#8221;none&#8221; column_border_radius=&#8221;none&#8221; width=&#8221;3\/4&#8243; tablet_width_inherit=&#8221;default&#8221; tablet_text_alignment=&#8221;default&#8221; phone_text_alignment=&#8221;default&#8221; overlay_strength=&#8221;0.3&#8243; column_border_width=&#8221;none&#8221; column_border_style=&#8221;solid&#8221; bg_image_animation=&#8221;none&#8221;][vc_row_inner column_margin=&#8221;default&#8221; text_align=&#8221;left&#8221;][vc_column_inner column_padding=&#8221;no-extra-padding&#8221; column_padding_position=&#8221;all&#8221; background_color_opacity=&#8221;1&#8243; background_hover_color_opacity=&#8221;1&#8243; column_shadow=&#8221;none&#8221; column_border_radius=&#8221;none&#8221; column_link_target=&#8221;_self&#8221; width=&#8221;1\/4&#8243; tablet_width_inherit=&#8221;default&#8221; overlay_strength=&#8221;0.3&#8243; column_border_width=&#8221;none&#8221; column_border_style=&#8221;solid&#8221; bg_image_animation=&#8221;none&#8221;][\/vc_column_inner][vc_column_inner column_padding=&#8221;no-extra-padding&#8221; column_padding_position=&#8221;all&#8221; background_color_opacity=&#8221;1&#8243; background_hover_color_opacity=&#8221;1&#8243; column_shadow=&#8221;none&#8221; column_border_radius=&#8221;none&#8221; column_link_target=&#8221;_self&#8221; width=&#8221;3\/4&#8243; tablet_width_inherit=&#8221;default&#8221; overlay_strength=&#8221;0.3&#8243; column_border_width=&#8221;none&#8221; column_border_style=&#8221;solid&#8221; bg_image_animation=&#8221;none&#8221;][vc_column_text el_class=&#8221;hcp-extra&#8221;]La cooperativa Dairy Goat Co-operative es la precursora de la comercializaci\u00f3n de las f\u00f3rmulas para beb\u00e9s a base leche de cabra. Desde que la lanzamos en 1988, hemos seguido dirigiendo los avances cl\u00ednicos en esta \u00e1rea. Nuestro programa, l\u00edder en investigaci\u00f3n, fue el primero en completar diversos ensayos cl\u00ednicos aleatorizados doble ciego para comprobar la seguridad y la eficacia de la f\u00f3rmula de leche de cabra para beb\u00e9s y, como resultado, nuestras f\u00f3rmulas de leche de cabra son las m\u00e1s acreditadas del mercado desde el punto de vista cient\u00edfico. Estamos presentes en m\u00e1s pa\u00edses que cualquier otra f\u00f3rmula de leche de cabra para beb\u00e9s.[\/vc_column_text][\/vc_column_inner][\/vc_row_inner][vc_column_text el_class=&#8221;about-line-hcp&#8221;]<img decoding=\"async\" loading=\"lazy\" class=\"aligncenter role=\" src=\"\/wp-content\/uploads\/sites\/23\/2020\/01\/hcp-about-line.svg\" alt=\"\" width=\"6\" height=\"130\" \/>[\/vc_column_text][nectar_video_lightbox link_style=&#8221;play_button_2&#8243; nectar_play_button_color=&#8221;Extra-Color-1&#8243; image_url=&#8221;127&#8243; hover_effect=&#8221;zoom_button&#8221; box_shadow=&#8221;none&#8221; border_radius=&#8221;none&#8221; play_button_size=&#8221;default&#8221; video_url=&#8221;https:\/\/dxls5wgf00gqw.cloudfront.net\/wp-content\/uploads\/2018\/04\/06162122\/We-are-from-NZ_sp.mp4&#8243;][divider line_type=&#8221;No Line&#8221; custom_height=&#8221;120&#8243;][\/vc_column][\/vc_row][vc_row type=&#8221;in_container&#8221; full_screen_row_position=&#8221;middle&#8221; column_margin=&#8221;default&#8221; scene_position=&#8221;center&#8221; text_color=&#8221;dark&#8221; text_align=&#8221;left&#8221; overlay_strength=&#8221;0.3&#8243; shape_divider_position=&#8221;bottom&#8221; bg_image_animation=&#8221;none&#8221;][vc_column column_padding=&#8221;no-extra-padding&#8221; column_padding_position=&#8221;all&#8221; background_color_opacity=&#8221;1&#8243; background_hover_color_opacity=&#8221;1&#8243; column_link_target=&#8221;_self&#8221; column_shadow=&#8221;none&#8221; column_border_radius=&#8221;none&#8221; width=&#8221;1\/1&#8243; tablet_width_inherit=&#8221;default&#8221; tablet_text_alignment=&#8221;default&#8221; phone_text_alignment=&#8221;default&#8221; overlay_strength=&#8221;0.3&#8243; column_border_width=&#8221;none&#8221; column_border_style=&#8221;solid&#8221; bg_image_animation=&#8221;none&#8221;][vc_column_text css_animation=&#8221;fadeIn&#8221; el_class=&#8221;about-line-2&#8243;]<img decoding=\"async\" loading=\"lazy\" class=\"aligncenter role=\" src=\"\/wp-content\/uploads\/2019\/12\/about-line-2.svg\" alt=\"\" width=\"295\" height=\"130\" \/>[\/vc_column_text][vc_column_text el_class=&#8221;about-line-mob1&#8243;]<img decoding=\"async\" loading=\"lazy\" class=\"aligncenter role=\" src=\"\/wp-content\/uploads\/2019\/12\/about-line-mob1.svg\" alt=\"\" width=\"10\" height=\"100\" \/>[\/vc_column_text][\/vc_column][\/vc_row][vc_row type=&#8221;in_container&#8221; full_screen_row_position=&#8221;middle&#8221; column_margin=&#8221;default&#8221; scene_position=&#8221;center&#8221; text_color=&#8221;dark&#8221; text_align=&#8221;left&#8221; id=&#8221;about-video&#8221; overlay_strength=&#8221;0.3&#8243; shape_divider_position=&#8221;bottom&#8221; bg_image_animation=&#8221;none&#8221; shape_type=&#8221;&#8221;][vc_column column_padding=&#8221;no-extra-padding&#8221; column_padding_position=&#8221;all&#8221; background_color_opacity=&#8221;1&#8243; background_hover_color_opacity=&#8221;1&#8243; column_link_target=&#8221;_self&#8221; column_shadow=&#8221;none&#8221; column_border_radius=&#8221;none&#8221; el_class=&#8221;dgc-video&#8221; width=&#8221;3\/4&#8243; tablet_width_inherit=&#8221;default&#8221; tablet_text_alignment=&#8221;default&#8221; phone_text_alignment=&#8221;default&#8221; overlay_strength=&#8221;0.3&#8243; column_border_width=&#8221;none&#8221; column_border_style=&#8221;solid&#8221; bg_image_animation=&#8221;none&#8221;][vc_column_text el_class=&#8221;hcp-extra&#8221;]<strong>Instalaciones de producci\u00f3n integral<\/strong><br \/>\nHemos construido nuestra planta solo para fabricar la f\u00f3rmula de leche de cabra. En combinaci\u00f3n con nuestro modelo de cooperativa, podemos controlar el proceso completo desde que orde\u00f1amos a las cabras hasta que distribuimos la leche. De esta forma, la leche que llega a nuestra planta la abandona como un producto acabado. El resultado es un proceso m\u00e1s seguro y limpio.[\/vc_column_text][divider line_type=&#8221;No Line&#8221; custom_height=&#8221;40&#8243;][nectar_video_lightbox link_style=&#8221;play_button_2&#8243; nectar_play_button_color=&#8221;Extra-Color-1&#8243; image_url=&#8221;223&#8243; hover_effect=&#8221;zoom_button&#8221; box_shadow=&#8221;none&#8221; border_radius=&#8221;none&#8221; play_button_size=&#8221;default&#8221; video_url=&#8221;https:\/\/dxls5wgf00gqw.cloudfront.net\/wp-content\/uploads\/2018\/04\/09141614\/Doing-it-Best-Doing-it-First_sp.mp4&#8243;][\/vc_column][vc_column column_padding=&#8221;no-extra-padding&#8221; column_padding_position=&#8221;all&#8221; background_color_opacity=&#8221;1&#8243; background_hover_color_opacity=&#8221;1&#8243; column_link_target=&#8221;_self&#8221; column_shadow=&#8221;none&#8221; column_border_radius=&#8221;none&#8221; width=&#8221;1\/4&#8243; tablet_width_inherit=&#8221;default&#8221; tablet_text_alignment=&#8221;default&#8221; phone_text_alignment=&#8221;default&#8221; overlay_strength=&#8221;0.3&#8243; column_border_width=&#8221;none&#8221; column_border_style=&#8221;solid&#8221; bg_image_animation=&#8221;none&#8221;][\/vc_column][\/vc_row][vc_row type=&#8221;in_container&#8221; full_screen_row_position=&#8221;middle&#8221; column_margin=&#8221;default&#8221; scene_position=&#8221;center&#8221; text_color=&#8221;dark&#8221; text_align=&#8221;left&#8221; overlay_strength=&#8221;0.3&#8243; shape_divider_position=&#8221;bottom&#8221; bg_image_animation=&#8221;none&#8221;][vc_column column_padding=&#8221;no-extra-padding&#8221; column_padding_position=&#8221;all&#8221; background_color_opacity=&#8221;1&#8243; background_hover_color_opacity=&#8221;1&#8243; column_link_target=&#8221;_self&#8221; column_shadow=&#8221;none&#8221; column_border_radius=&#8221;none&#8221; width=&#8221;3\/4&#8243; tablet_width_inherit=&#8221;default&#8221; tablet_text_alignment=&#8221;default&#8221; phone_text_alignment=&#8221;default&#8221; overlay_strength=&#8221;0.3&#8243; column_border_width=&#8221;none&#8221; column_border_style=&#8221;solid&#8221; bg_image_animation=&#8221;none&#8221;][vc_column_text el_class=&#8221;about-line-hcp2&#8243;]<img decoding=\"async\" loading=\"lazy\" class=\"aligncenter role=\" src=\"\/wp-content\/uploads\/2019\/12\/about-line-mob1.svg\" alt=\"\" width=\"10\" height=\"100\" \/>[\/vc_column_text][\/vc_column][vc_column column_padding=&#8221;no-extra-padding&#8221; column_padding_position=&#8221;all&#8221; background_color_opacity=&#8221;1&#8243; background_hover_color_opacity=&#8221;1&#8243; column_link_target=&#8221;_self&#8221; column_shadow=&#8221;none&#8221; column_border_radius=&#8221;none&#8221; width=&#8221;1\/4&#8243; tablet_width_inherit=&#8221;default&#8221; tablet_text_alignment=&#8221;default&#8221; phone_text_alignment=&#8221;default&#8221; overlay_strength=&#8221;0.3&#8243; column_border_width=&#8221;none&#8221; column_border_style=&#8221;solid&#8221; bg_image_animation=&#8221;none&#8221;][\/vc_column][\/vc_row][vc_row type=&#8221;in_container&#8221; full_screen_row_position=&#8221;middle&#8221; column_margin=&#8221;default&#8221; scene_position=&#8221;center&#8221; text_color=&#8221;dark&#8221; text_align=&#8221;left&#8221; overlay_strength=&#8221;0.3&#8243; shape_divider_position=&#8221;bottom&#8221; bg_image_animation=&#8221;none&#8221;][vc_column column_padding=&#8221;no-extra-padding&#8221; column_padding_position=&#8221;all&#8221; background_color_opacity=&#8221;1&#8243; background_hover_color_opacity=&#8221;1&#8243; column_link_target=&#8221;_self&#8221; column_shadow=&#8221;none&#8221; column_border_radius=&#8221;none&#8221; width=&#8221;1\/1&#8243; tablet_width_inherit=&#8221;default&#8221; tablet_text_alignment=&#8221;default&#8221; phone_text_alignment=&#8221;default&#8221; overlay_strength=&#8221;0.3&#8243; column_border_width=&#8221;none&#8221; column_border_style=&#8221;solid&#8221; bg_image_animation=&#8221;none&#8221;][vc_column_text]<a class=\"about-butt\" href=\"https:\/\/www.dgc.co.nz\/\" target=\"_blank\" rel=\"noopener noreferrer\">M\u00c1S INFORMACI\u00d3N SOBRE DAIRY GOAT CO-OPERATIVE<\/a>[\/vc_column_text][divider line_type=&#8221;No Line&#8221; custom_height=&#8221;80&#8243;][\/vc_column][\/vc_row]\n","protected":false},"excerpt":{"rendered":"<p>[vc_row type=&#8221;full_width_background&#8221; full_screen_row_position=&#8221;middle&#8221; equal_height=&#8221;yes&#8221; content_placement=&#8221;middle&#8221; column_margin=&#8221;default&#8221; scene_position=&#8221;center&#8221; text_color=&#8221;dark&#8221; text_align=&#8221;left&#8221; id=&#8221;about-hcp&#8221; overlay_strength=&#8221;0.3&#8243; shape_divider_position=&#8221;bottom&#8221; bg_image_animation=&#8221;none&#8221; shape_type=&#8221;&#8221;][vc_column column_padding=&#8221;no-extra-padding&#8221; column_padding_position=&#8221;all&#8221; background_color_opacity=&#8221;1&#8243; background_hover_color_opacity=&#8221;1&#8243; column_link_target=&#8221;_self&#8221; column_shadow=&#8221;none&#8221; column_border_radius=&#8221;none&#8221; width=&#8221;1\/1&#8243; tablet_width_inherit=&#8221;default&#8221; tablet_text_alignment=&#8221;default&#8221; phone_text_alignment=&#8221;default&#8221; overlay_strength=&#8221;0.3&#8243; column_border_width=&#8221;none&#8221; column_border_style=&#8221;solid&#8221; bg_image_animation=&#8221;none&#8221;][vc_row_inner content_placement=&#8221;middle&#8221;&#8230;<\/p>\n","protected":false},"author":1,"featured_media":0,"parent":0,"menu_order":0,"comment_status":"closed","ping_status":"closed","template":"","meta":[],"yoast_head":"<!-- This site is optimized with the Yoast SEO plugin v21.1 - https:\/\/yoast.com\/wordpress\/plugins\/seo\/ -->\n<title>Sobre nosotros - Capricare Mexico HCP<\/title>\n<meta name=\"description\" content=\"Las f\u00f3rmulas infantiles de leche de cabra Capricare est\u00e1n hechas por Dairy Goat Co-operative, l\u00edder mundial en alimentaci\u00f3n para beb\u00e9s durante m\u00e1s de 30 a\u00f1os y alrededor de 30 pa\u00edses en todo el mundo.\" \/>\n<meta name=\"robots\" content=\"index, follow, max-snippet:-1, max-image-preview:large, max-video-preview:-1\" \/>\n<link rel=\"canonical\" href=\"https:\/\/www.capricare.com.mx\/hcp\/acerca-de-capricare\/\" \/>\n<meta property=\"og:locale\" content=\"en_US\" \/>\n<meta property=\"og:type\" content=\"article\" \/>\n<meta property=\"og:title\" content=\"Sobre nosotros - Capricare Mexico HCP\" \/>\n<meta property=\"og:description\" content=\"Las f\u00f3rmulas infantiles de leche de cabra Capricare est\u00e1n hechas por Dairy Goat Co-operative, l\u00edder mundial en alimentaci\u00f3n para beb\u00e9s durante m\u00e1s de 30 a\u00f1os y alrededor de 30 pa\u00edses en todo el mundo.\" \/>\n<meta property=\"og:url\" content=\"https:\/\/www.capricare.com.mx\/hcp\/acerca-de-capricare\/\" \/>\n<meta property=\"og:site_name\" content=\"Capricare Mexico HCP\" \/>\n<meta property=\"article:modified_time\" content=\"2025-10-16T16:57:43+00:00\" \/>\n<meta name=\"twitter:card\" content=\"summary_large_image\" \/>\n<meta name=\"twitter:label1\" content=\"Est. reading time\" \/>\n\t<meta name=\"twitter:data1\" content=\"4 minutes\" \/>\n<script type=\"application\/ld+json\" class=\"yoast-schema-graph\">{\"@context\":\"https:\/\/schema.org\",\"@graph\":[{\"@type\":\"WebPage\",\"@id\":\"https:\/\/www.capricare.com.mx\/hcp\/acerca-de-capricare\/\",\"url\":\"https:\/\/www.capricare.com.mx\/hcp\/acerca-de-capricare\/\",\"name\":\"Sobre nosotros - Capricare Mexico HCP\",\"isPartOf\":{\"@id\":\"https:\/\/www.capricare.com.mx\/hcp\/#website\"},\"datePublished\":\"2019-12-20T21:22:55+00:00\",\"dateModified\":\"2025-10-16T16:57:43+00:00\",\"description\":\"Las f\u00f3rmulas infantiles de leche de cabra Capricare est\u00e1n hechas por Dairy Goat Co-operative, l\u00edder mundial en alimentaci\u00f3n para beb\u00e9s durante m\u00e1s de 30 a\u00f1os y alrededor de 30 pa\u00edses en todo el mundo.\",\"breadcrumb\":{\"@id\":\"https:\/\/www.capricare.com.mx\/hcp\/acerca-de-capricare\/#breadcrumb\"},\"inLanguage\":\"en-NZ\",\"potentialAction\":[{\"@type\":\"ReadAction\",\"target\":[\"https:\/\/www.capricare.com.mx\/hcp\/acerca-de-capricare\/\"]}]},{\"@type\":\"BreadcrumbList\",\"@id\":\"https:\/\/www.capricare.com.mx\/hcp\/acerca-de-capricare\/#breadcrumb\",\"itemListElement\":[{\"@type\":\"ListItem\",\"position\":1,\"name\":\"Home\",\"item\":\"https:\/\/www.capricare.com.mx\/hcp\/\"},{\"@type\":\"ListItem\",\"position\":2,\"name\":\"Sobre nosotros\"}]},{\"@type\":\"WebSite\",\"@id\":\"https:\/\/www.capricare.com.mx\/hcp\/#website\",\"url\":\"https:\/\/www.capricare.com.mx\/hcp\/\",\"name\":\"Capricare Mexico HCP\",\"description\":\"\",\"potentialAction\":[{\"@type\":\"SearchAction\",\"target\":{\"@type\":\"EntryPoint\",\"urlTemplate\":\"https:\/\/www.capricare.com.mx\/hcp\/?s={search_term_string}\"},\"query-input\":\"required name=search_term_string\"}],\"inLanguage\":\"en-NZ\"}]}<\/script>\n<!-- \/ Yoast SEO plugin. -->","yoast_head_json":{"title":"Sobre nosotros - Capricare Mexico HCP","description":"Las f\u00f3rmulas infantiles de leche de cabra Capricare est\u00e1n hechas por Dairy Goat Co-operative, l\u00edder mundial en alimentaci\u00f3n para beb\u00e9s durante m\u00e1s de 30 a\u00f1os y alrededor de 30 pa\u00edses en todo el mundo.","robots":{"index":"index","follow":"follow","max-snippet":"max-snippet:-1","max-image-preview":"max-image-preview:large","max-video-preview":"max-video-preview:-1"},"canonical":"https:\/\/www.capricare.com.mx\/hcp\/acerca-de-capricare\/","og_locale":"en_US","og_type":"article","og_title":"Sobre nosotros - Capricare Mexico HCP","og_description":"Las f\u00f3rmulas infantiles de leche de cabra Capricare est\u00e1n hechas por Dairy Goat Co-operative, l\u00edder mundial en alimentaci\u00f3n para beb\u00e9s durante m\u00e1s de 30 a\u00f1os y alrededor de 30 pa\u00edses en todo el mundo.","og_url":"https:\/\/www.capricare.com.mx\/hcp\/acerca-de-capricare\/","og_site_name":"Capricare Mexico HCP","article_modified_time":"2025-10-16T16:57:43+00:00","twitter_card":"summary_large_image","twitter_misc":{"Est. reading time":"4 minutes"},"schema":{"@context":"https:\/\/schema.org","@graph":[{"@type":"WebPage","@id":"https:\/\/www.capricare.com.mx\/hcp\/acerca-de-capricare\/","url":"https:\/\/www.capricare.com.mx\/hcp\/acerca-de-capricare\/","name":"Sobre nosotros - Capricare Mexico HCP","isPartOf":{"@id":"https:\/\/www.capricare.com.mx\/hcp\/#website"},"datePublished":"2019-12-20T21:22:55+00:00","dateModified":"2025-10-16T16:57:43+00:00","description":"Las f\u00f3rmulas infantiles de leche de cabra Capricare est\u00e1n hechas por Dairy Goat Co-operative, l\u00edder mundial en alimentaci\u00f3n para beb\u00e9s durante m\u00e1s de 30 a\u00f1os y alrededor de 30 pa\u00edses en todo el mundo.","breadcrumb":{"@id":"https:\/\/www.capricare.com.mx\/hcp\/acerca-de-capricare\/#breadcrumb"},"inLanguage":"en-NZ","potentialAction":[{"@type":"ReadAction","target":["https:\/\/www.capricare.com.mx\/hcp\/acerca-de-capricare\/"]}]},{"@type":"BreadcrumbList","@id":"https:\/\/www.capricare.com.mx\/hcp\/acerca-de-capricare\/#breadcrumb","itemListElement":[{"@type":"ListItem","position":1,"name":"Home","item":"https:\/\/www.capricare.com.mx\/hcp\/"},{"@type":"ListItem","position":2,"name":"Sobre nosotros"}]},{"@type":"WebSite","@id":"https:\/\/www.capricare.com.mx\/hcp\/#website","url":"https:\/\/www.capricare.com.mx\/hcp\/","name":"Capricare Mexico HCP","description":"","potentialAction":[{"@type":"SearchAction","target":{"@type":"EntryPoint","urlTemplate":"https:\/\/www.capricare.com.mx\/hcp\/?s={search_term_string}"},"query-input":"required name=search_term_string"}],"inLanguage":"en-NZ"}]}},"_links":{"self":[{"href":"https:\/\/www.capricare.com.mx\/hcp\/wp-json\/wp\/v2\/pages\/18"}],"collection":[{"href":"https:\/\/www.capricare.com.mx\/hcp\/wp-json\/wp\/v2\/pages"}],"about":[{"href":"https:\/\/www.capricare.com.mx\/hcp\/wp-json\/wp\/v2\/types\/page"}],"author":[{"embeddable":true,"href":"https:\/\/www.capricare.com.mx\/hcp\/wp-json\/wp\/v2\/users\/1"}],"replies":[{"embeddable":true,"href":"https:\/\/www.capricare.com.mx\/hcp\/wp-json\/wp\/v2\/comments?post=18"}],"version-history":[{"count":68,"href":"https:\/\/www.capricare.com.mx\/hcp\/wp-json\/wp\/v2\/pages\/18\/revisions"}],"predecessor-version":[{"id":1294,"href":"https:\/\/www.capricare.com.mx\/hcp\/wp-json\/wp\/v2\/pages\/18\/revisions\/1294"}],"wp:attachment":[{"href":"https:\/\/www.capricare.com.mx\/hcp\/wp-json\/wp\/v2\/media?parent=18"}],"curies":[{"name":"wp","href":"https:\/\/api.w.org\/{rel}","templated":true}]}}