{"id":12,"date":"2019-12-20T21:20:54","date_gmt":"2019-12-20T21:20:54","guid":{"rendered":"https:\/\/www.capricare.eu\/-hcp\/?page_id=12"},"modified":"2023-05-04T20:55:02","modified_gmt":"2023-05-04T20:55:02","slug":"nuestra-elaboracion","status":"publish","type":"page","link":"https:\/\/www.capricare.com.mx\/hcp\/nuestra-elaboracion\/","title":{"rendered":"Nuestra elaboraci\u00f3n"},"content":{"rendered":"[vc_row type=&#8221;full_width_content&#8221; full_screen_row_position=&#8221;middle&#8221; column_margin=&#8221;default&#8221; scene_position=&#8221;center&#8221; text_color=&#8221;dark&#8221; text_align=&#8221;left&#8221; id=&#8221;bread-note&#8221; overlay_strength=&#8221;0.3&#8243; shape_divider_position=&#8221;bottom&#8221; bg_image_animation=&#8221;none&#8221; shape_type=&#8221;&#8221;][vc_column column_padding=&#8221;no-extra-padding&#8221; column_padding_position=&#8221;all&#8221; background_color_opacity=&#8221;1&#8243; background_hover_color_opacity=&#8221;1&#8243; column_link_target=&#8221;_self&#8221; column_shadow=&#8221;none&#8221; column_border_radius=&#8221;none&#8221; width=&#8221;1\/1&#8243; tablet_width_inherit=&#8221;default&#8221; tablet_text_alignment=&#8221;default&#8221; phone_text_alignment=&#8221;default&#8221; overlay_strength=&#8221;0.3&#8243; column_border_width=&#8221;none&#8221; column_border_style=&#8221;solid&#8221; bg_image_animation=&#8221;none&#8221;][divider line_type=&#8221;No Line&#8221; custom_height=&#8221;20&#8243;][vc_column_text el_class=&#8221;note&#8221;]Nuestra elaboraci\u00f3n[\/vc_column_text][\/vc_column][\/vc_row][vc_row type=&#8221;full_width_background&#8221; full_screen_row_position=&#8221;middle&#8221; column_margin=&#8221;default&#8221; scene_position=&#8221;center&#8221; text_color=&#8221;dark&#8221; text_align=&#8221;left&#8221; id=&#8221;our-process&#8221; overlay_strength=&#8221;0.3&#8243; shape_divider_position=&#8221;bottom&#8221; bg_image_animation=&#8221;none&#8221; shape_type=&#8221;&#8221;][vc_column column_padding=&#8221;no-extra-padding&#8221; column_padding_position=&#8221;all&#8221; background_color_opacity=&#8221;1&#8243; background_hover_color_opacity=&#8221;1&#8243; column_link_target=&#8221;_self&#8221; column_shadow=&#8221;none&#8221; column_border_radius=&#8221;none&#8221; width=&#8221;1\/1&#8243; tablet_width_inherit=&#8221;default&#8221; tablet_text_alignment=&#8221;default&#8221; phone_text_alignment=&#8221;default&#8221; overlay_strength=&#8221;0.3&#8243; column_border_width=&#8221;none&#8221; column_border_style=&#8221;solid&#8221; bg_image_animation=&#8221;none&#8221;][vc_row_inner column_margin=&#8221;default&#8221; text_align=&#8221;left&#8221; el_id=&#8221;why-capricare-in&#8221;][vc_column_inner column_padding=&#8221;no-extra-padding&#8221; column_padding_position=&#8221;all&#8221; background_color_opacity=&#8221;1&#8243; background_hover_color_opacity=&#8221;1&#8243; column_shadow=&#8221;none&#8221; column_border_radius=&#8221;none&#8221; column_link_target=&#8221;_self&#8221; width=&#8221;1\/2&#8243; tablet_width_inherit=&#8221;default&#8221; overlay_strength=&#8221;0.3&#8243; column_border_width=&#8221;none&#8221; column_border_style=&#8221;solid&#8221; bg_image_animation=&#8221;none&#8221;][vc_column_text]\n<h1>Consulte <strong>nuestro proceso simplificado<\/strong> de producci\u00f3n y descubra lo que nos distingue del resto.<\/h1>\n[\/vc_column_text][\/vc_column_inner][vc_column_inner column_padding=&#8221;no-extra-padding&#8221; column_padding_position=&#8221;all&#8221; background_color_opacity=&#8221;1&#8243; background_hover_color_opacity=&#8221;1&#8243; column_shadow=&#8221;none&#8221; column_border_radius=&#8221;none&#8221; column_link_target=&#8221;_self&#8221; width=&#8221;1\/2&#8243; tablet_width_inherit=&#8221;default&#8221; overlay_strength=&#8221;0.3&#8243; column_border_width=&#8221;none&#8221; column_border_style=&#8221;solid&#8221; bg_image_animation=&#8221;none&#8221;][\/vc_column_inner][\/vc_row_inner][\/vc_column][\/vc_row][vc_row type=&#8221;full_width_background&#8221; full_screen_row_position=&#8221;middle&#8221; column_margin=&#8221;default&#8221; scene_position=&#8221;center&#8221; text_color=&#8221;dark&#8221; text_align=&#8221;left&#8221; class=&#8221;process-header&#8221; overlay_strength=&#8221;0.3&#8243; shape_divider_position=&#8221;bottom&#8221; bg_image_animation=&#8221;none&#8221; shape_type=&#8221;&#8221;][vc_column column_padding=&#8221;no-extra-padding&#8221; column_padding_position=&#8221;all&#8221; background_color_opacity=&#8221;1&#8243; background_hover_color_opacity=&#8221;1&#8243; column_link_target=&#8221;_self&#8221; column_shadow=&#8221;none&#8221; column_border_radius=&#8221;none&#8221; width=&#8221;1\/2&#8243; tablet_width_inherit=&#8221;default&#8221; tablet_text_alignment=&#8221;default&#8221; phone_text_alignment=&#8221;default&#8221; overlay_strength=&#8221;0.3&#8243; column_border_width=&#8221;none&#8221; column_border_style=&#8221;solid&#8221; bg_image_animation=&#8221;none&#8221;][\/vc_column][vc_column column_padding=&#8221;no-extra-padding&#8221; column_padding_position=&#8221;all&#8221; background_color_opacity=&#8221;1&#8243; background_hover_color_opacity=&#8221;1&#8243; column_link_target=&#8221;_self&#8221; column_shadow=&#8221;none&#8221; column_border_radius=&#8221;none&#8221; width=&#8221;1\/2&#8243; tablet_width_inherit=&#8221;default&#8221; tablet_text_alignment=&#8221;default&#8221; phone_text_alignment=&#8221;default&#8221; overlay_strength=&#8221;0.3&#8243; column_border_width=&#8221;none&#8221; column_border_style=&#8221;solid&#8221; bg_image_animation=&#8221;none&#8221;][image_with_animation image_url=&#8221;398&#8243; alignment=&#8221;&#8221; animation=&#8221;Fade In From Right&#8221; hover_animation=&#8221;none&#8221; border_radius=&#8221;none&#8221; box_shadow=&#8221;none&#8221; image_loading=&#8221;default&#8221; max_width=&#8221;100%&#8221; max_width_mobile=&#8221;default&#8221;][\/vc_column][\/vc_row][vc_row type=&#8221;in_container&#8221; full_screen_row_position=&#8221;middle&#8221; column_margin=&#8221;default&#8221; scene_position=&#8221;center&#8221; text_color=&#8221;dark&#8221; text_align=&#8221;left&#8221; top_padding=&#8221;3%&#8221; bottom_padding=&#8221;5%&#8221; overlay_strength=&#8221;0.3&#8243; shape_divider_position=&#8221;bottom&#8221; bg_image_animation=&#8221;none&#8221; shape_type=&#8221;&#8221;][vc_column column_padding=&#8221;no-extra-padding&#8221; column_padding_position=&#8221;all&#8221; background_color_opacity=&#8221;1&#8243; background_hover_color_opacity=&#8221;1&#8243; column_link_target=&#8221;_self&#8221; column_shadow=&#8221;none&#8221; column_border_radius=&#8221;none&#8221; width=&#8221;1\/1&#8243; tablet_width_inherit=&#8221;default&#8221; tablet_text_alignment=&#8221;default&#8221; phone_text_alignment=&#8221;default&#8221; overlay_strength=&#8221;0.3&#8243; column_border_width=&#8221;none&#8221; column_border_style=&#8221;solid&#8221; bg_image_animation=&#8221;none&#8221;][vc_column_text]\n<h2>Elaborada con leche entera<\/h2>\n<p>La grasa l\u00e1ctea es uno de los nutrientes esenciales de la leche materna. A diferencia de la mayor\u00eda de las f\u00f3rmulas l\u00e1cteas, Capricare<sup>\u00ae<\/sup> se elabora con leche entera. Esto proporciona a las f\u00f3rmulas de Capricare<sup>\u00ae<\/sup> una fuente natural de grasa l\u00e1ctea y de la membrana del gl\u00f3bulo graso de la leche (MFGM, por sus siglas en ingl\u00e9s). La MFGM contiene l\u00edpidos bioactivos (fosfol\u00edpidos, esfingol\u00edpidos y colesterol) y prote\u00ednas espec\u00edficas de la membrana. Las investigaciones han demostrado que estos l\u00edpidos tienen beneficios fisiol\u00f3gicos para los beb\u00e9s en crecimiento.<sup>1<\/sup>[\/vc_column_text][\/vc_column][\/vc_row][vc_row type=&#8221;full_width_background&#8221; full_screen_row_position=&#8221;middle&#8221; column_margin=&#8221;default&#8221; bg_color=&#8221;#e2efdc&#8221; scene_position=&#8221;center&#8221; text_color=&#8221;dark&#8221; text_align=&#8221;left&#8221; class=&#8221;hcp-special&#8221; overlay_strength=&#8221;0.3&#8243; shape_divider_position=&#8221;bottom&#8221; bg_image_animation=&#8221;none&#8221; shape_type=&#8221;&#8221;][vc_column column_padding=&#8221;no-extra-padding&#8221; column_padding_position=&#8221;all&#8221; background_color_opacity=&#8221;1&#8243; background_hover_color_opacity=&#8221;1&#8243; font_color=&#8221;#667667&#8243; column_link_target=&#8221;_self&#8221; column_shadow=&#8221;none&#8221; column_border_radius=&#8221;none&#8221; width=&#8221;1\/3&#8243; tablet_width_inherit=&#8221;default&#8221; tablet_text_alignment=&#8221;default&#8221; phone_text_alignment=&#8221;default&#8221; overlay_strength=&#8221;0.3&#8243; column_border_width=&#8221;none&#8221; column_border_style=&#8221;solid&#8221; bg_image_animation=&#8221;none&#8221;][vc_column_text el_class=&#8221;differences-3&#8243;]\n<h4>100%<\/h4>\n<h5>Grasa l\u00e1ctea<\/h5>\n[\/vc_column_text][divider line_type=&#8221;No Line&#8221; custom_height=&#8221;20&#8243;][vc_column_text]\n<h5 style=\"text-align: center;\">Leche materna<\/h5>\n[\/vc_column_text][\/vc_column][vc_column column_padding=&#8221;no-extra-padding&#8221; column_padding_position=&#8221;all&#8221; background_color_opacity=&#8221;1&#8243; background_hover_color_opacity=&#8221;1&#8243; column_link_target=&#8221;_self&#8221; column_shadow=&#8221;none&#8221; column_border_radius=&#8221;none&#8221; width=&#8221;1\/3&#8243; tablet_width_inherit=&#8221;default&#8221; tablet_text_alignment=&#8221;default&#8221; phone_text_alignment=&#8221;default&#8221; overlay_strength=&#8221;0.3&#8243; column_border_width=&#8221;none&#8221; column_border_style=&#8221;solid&#8221; bg_image_animation=&#8221;none&#8221;][vc_column_text el_class=&#8221;differences-2&#8243;]\n<h4>45%<\/h4>\n<h5>Grasa l\u00e1ctea<\/h5>\n[\/vc_column_text][divider line_type=&#8221;No Line&#8221; custom_height=&#8221;20&#8243;][vc_column_text]\n<h5 style=\"text-align: center;\">Capricare<sup>\u00ae<\/sup><\/h5>\n[\/vc_column_text][\/vc_column][vc_column column_padding=&#8221;no-extra-padding&#8221; column_padding_position=&#8221;all&#8221; background_color_opacity=&#8221;1&#8243; background_hover_color_opacity=&#8221;1&#8243; column_link_target=&#8221;_self&#8221; column_shadow=&#8221;none&#8221; column_border_radius=&#8221;none&#8221; width=&#8221;1\/3&#8243; tablet_width_inherit=&#8221;default&#8221; tablet_text_alignment=&#8221;default&#8221; phone_text_alignment=&#8221;default&#8221; overlay_strength=&#8221;0.3&#8243; column_border_width=&#8221;none&#8221; column_border_style=&#8221;solid&#8221; bg_image_animation=&#8221;none&#8221;][vc_column_text el_class=&#8221;differences&#8221;]\n<h4>100%<\/h4>\n<h5>Grasa l\u00e1ctea<\/h5>\n[\/vc_column_text][divider line_type=&#8221;No Line&#8221; custom_height=&#8221;20&#8243;][vc_column_text]\n<h5 style=\"text-align: center;\">Otras f\u00f3rmulas gen\u00e9ricas<\/h5>\n[\/vc_column_text][\/vc_column][\/vc_row][vc_row type=&#8221;in_container&#8221; full_screen_row_position=&#8221;middle&#8221; column_margin=&#8221;default&#8221; scene_position=&#8221;center&#8221; text_color=&#8221;dark&#8221; text_align=&#8221;left&#8221; top_padding=&#8221;5%&#8221; bottom_padding=&#8221;5%&#8221; overlay_strength=&#8221;0.3&#8243; shape_divider_position=&#8221;bottom&#8221; bg_image_animation=&#8221;none&#8221; shape_type=&#8221;&#8221;][vc_column column_padding=&#8221;no-extra-padding&#8221; column_padding_position=&#8221;all&#8221; background_color_opacity=&#8221;1&#8243; background_hover_color_opacity=&#8221;1&#8243; column_link_target=&#8221;_self&#8221; column_shadow=&#8221;none&#8221; column_border_radius=&#8221;none&#8221; width=&#8221;3\/4&#8243; tablet_width_inherit=&#8221;default&#8221; tablet_text_alignment=&#8221;default&#8221; phone_text_alignment=&#8221;default&#8221; overlay_strength=&#8221;0.3&#8243; column_border_width=&#8221;none&#8221; column_border_style=&#8221;solid&#8221; bg_image_animation=&#8221;none&#8221;][vc_column_text]\n<h2>Elaborada con delicadeza<\/h2>\n<p>Las f\u00f3rmulas de Capricare<sup>\u00ae<\/sup> se elaboran con la leche entera. Esto significa que se procesan con mayor delicadeza y con menos pasos de tratamiento t\u00e9rmico para proteger las prote\u00ednas al limitar la glicaci\u00f3n de las mismas.<\/p>\n<p>La glicaci\u00f3n de las prote\u00ednas altera su estructura pudiendo afectar a la digestibilidad as\u00ed como conducir a la formaci\u00f3n de productos finales de glicaci\u00f3n avanzada (AGE, por sus siglas en ingl\u00e9s). Sin embargo, esto se minimiza en nuestra leche gracias a su delicado proceso de elaboraci\u00f3n.<sup>2,3<\/sup>[\/vc_column_text][\/vc_column][vc_column column_padding=&#8221;no-extra-padding&#8221; column_padding_position=&#8221;all&#8221; background_color_opacity=&#8221;1&#8243; background_hover_color_opacity=&#8221;1&#8243; column_link_target=&#8221;_self&#8221; column_shadow=&#8221;none&#8221; column_border_radius=&#8221;none&#8221; width=&#8221;1\/4&#8243; tablet_width_inherit=&#8221;default&#8221; tablet_text_alignment=&#8221;default&#8221; phone_text_alignment=&#8221;default&#8221; overlay_strength=&#8221;0.3&#8243; column_border_width=&#8221;none&#8221; column_border_style=&#8221;solid&#8221; bg_image_animation=&#8221;none&#8221;][image_with_animation image_url=&#8221;1265&#8243; alignment=&#8221;center&#8221; animation=&#8221;Fade In&#8221; hover_animation=&#8221;none&#8221; border_radius=&#8221;none&#8221; box_shadow=&#8221;none&#8221; image_loading=&#8221;default&#8221; max_width=&#8221;100%&#8221; max_width_mobile=&#8221;default&#8221; delay=&#8221;250&#8243;][\/vc_column][\/vc_row][vc_row type=&#8221;full_width_background&#8221; full_screen_row_position=&#8221;middle&#8221; column_margin=&#8221;default&#8221; bg_color=&#8221;#e2efdc&#8221; scene_position=&#8221;center&#8221; text_color=&#8221;dark&#8221; text_align=&#8221;left&#8221; top_padding=&#8221;5%&#8221; bottom_padding=&#8221;5%&#8221; class=&#8221;essential&#8221; overlay_strength=&#8221;0.3&#8243; shape_divider_position=&#8221;bottom&#8221; bg_image_animation=&#8221;none&#8221; shape_type=&#8221;&#8221;][vc_column column_padding=&#8221;no-extra-padding&#8221; column_padding_position=&#8221;all&#8221; background_color_opacity=&#8221;1&#8243; background_hover_color_opacity=&#8221;1&#8243; font_color=&#8221;#9d9d9c&#8221; column_link_target=&#8221;_self&#8221; column_shadow=&#8221;none&#8221; column_border_radius=&#8221;none&#8221; width=&#8221;1\/1&#8243; tablet_width_inherit=&#8221;default&#8221; tablet_text_alignment=&#8221;default&#8221; phone_text_alignment=&#8221;default&#8221; overlay_strength=&#8221;0.3&#8243; column_border_width=&#8221;none&#8221; column_border_style=&#8221;solid&#8221; bg_image_animation=&#8221;none&#8221;][vc_column_text]\n<h2>Solo ingredientes esenciales<\/h2>\n<p>Capricare<sup>\u00ae<\/sup> se beneficia de las propiedades naturales de la leche entera de cabra y solo a\u00f1ade lo que es necesario.<\/p>\n<p>Debido a sus propiedades \u00fanicas, la leche de cabra contiene de forma natural un perfil de amino\u00e1cidos que se asemeja bastante al de la leche materna, as\u00ed como componentes bioactivos como nucle\u00f3tidos y poliaminas. Gracias a que estos nutrientes naturales est\u00e1n ya presentes de forma natural en la leche de cabra, Capricare es una f\u00f3rmula m\u00e1s natural con todos los nutrientes esenciales que necesitan los beb\u00e9s para crecer sanos.<br \/>\n<span class=\"small\">\u2022 Sin aceite de palma \u2013 Capricare<sup>\u00ae<\/sup> contiene grasa l\u00e1ctea, una fuente natural de \u00e1cido palm\u00edtico en la posici\u00f3n sn-2.<br \/>\n\u2022 Sin suero a\u00f1adido \u2013 El perfil natural de amino\u00e1cidos de la leche de cabra implica que no sea necesario a\u00f1adir suero.<\/span>[\/vc_column_text][divider line_type=&#8221;No Line&#8221; custom_height=&#8221;40&#8243;][vc_column_text]<strong>Referencias:<\/strong><br \/>\n<span class=\"small\"><sup>1<\/sup> Gallier S, et al. Whole Goat Milk as a Source of Fat and Milk Fat Globule Membrane in Infant Formula. Nutrients. 2020;12(11):34-86.<br \/>\n<sup>2<\/sup> Zenker HE, et al. Lysine blockage of milk proteins in infant formula impairs overall protein digestibility and peptide release. Food Funct. 2020; 11:358-369.<br \/>\n<sup>3<\/sup> Prosser CG, et al. N\u03b5-carboxymethyllysine in nutritional milk formulas for infants. Food Chem. 2019; 274:886-890.<\/span>[\/vc_column_text][\/vc_column][\/vc_row]\n","protected":false},"excerpt":{"rendered":"<p>[vc_row type=&#8221;full_width_content&#8221; full_screen_row_position=&#8221;middle&#8221; column_margin=&#8221;default&#8221; scene_position=&#8221;center&#8221; text_color=&#8221;dark&#8221; text_align=&#8221;left&#8221; id=&#8221;bread-note&#8221; overlay_strength=&#8221;0.3&#8243; shape_divider_position=&#8221;bottom&#8221; bg_image_animation=&#8221;none&#8221; shape_type=&#8221;&#8221;][vc_column column_padding=&#8221;no-extra-padding&#8221; column_padding_position=&#8221;all&#8221; background_color_opacity=&#8221;1&#8243; background_hover_color_opacity=&#8221;1&#8243; column_link_target=&#8221;_self&#8221; column_shadow=&#8221;none&#8221; column_border_radius=&#8221;none&#8221; width=&#8221;1\/1&#8243; tablet_width_inherit=&#8221;default&#8221; tablet_text_alignment=&#8221;default&#8221; phone_text_alignment=&#8221;default&#8221; overlay_strength=&#8221;0.3&#8243; column_border_width=&#8221;none&#8221; column_border_style=&#8221;solid&#8221; bg_image_animation=&#8221;none&#8221;][divider line_type=&#8221;No Line&#8221; custom_height=&#8221;20&#8243;][vc_column_text&#8230;<\/p>\n","protected":false},"author":1,"featured_media":0,"parent":0,"menu_order":0,"comment_status":"closed","ping_status":"closed","template":"","meta":[],"yoast_head":"<!-- This site is optimized with the Yoast SEO plugin v21.1 - https:\/\/yoast.com\/wordpress\/plugins\/seo\/ -->\n<title>Nuestra elaboraci\u00f3n - Capricare Mexico HCP<\/title>\n<meta name=\"description\" content=\"Las f\u00f3rmulas de Capricare se hacen con leche entera y se procesan suavemente para preservar la grasa de la leche, una fuente natural de membrana de gl\u00f3bulos grasos de leche y \u00e1cido palm\u00edtico Sn-2.\" \/>\n<meta name=\"robots\" content=\"index, follow, max-snippet:-1, max-image-preview:large, max-video-preview:-1\" \/>\n<link rel=\"canonical\" href=\"https:\/\/www.capricare.com.mx\/hcp\/nuestra-elaboracion\/\" \/>\n<meta property=\"og:locale\" content=\"en_US\" \/>\n<meta property=\"og:type\" content=\"article\" \/>\n<meta property=\"og:title\" content=\"Nuestra elaboraci\u00f3n - Capricare Mexico HCP\" \/>\n<meta property=\"og:description\" content=\"Las f\u00f3rmulas de Capricare se hacen con leche entera y se procesan suavemente para preservar la grasa de la leche, una fuente natural de membrana de gl\u00f3bulos grasos de leche y \u00e1cido palm\u00edtico Sn-2.\" \/>\n<meta property=\"og:url\" content=\"https:\/\/www.capricare.com.mx\/hcp\/nuestra-elaboracion\/\" \/>\n<meta property=\"og:site_name\" content=\"Capricare Mexico HCP\" \/>\n<meta property=\"article:modified_time\" content=\"2023-05-04T20:55:02+00:00\" \/>\n<meta name=\"twitter:card\" content=\"summary_large_image\" \/>\n<meta name=\"twitter:label1\" content=\"Est. reading time\" \/>\n\t<meta name=\"twitter:data1\" content=\"4 minutes\" \/>\n<script type=\"application\/ld+json\" class=\"yoast-schema-graph\">{\"@context\":\"https:\/\/schema.org\",\"@graph\":[{\"@type\":\"WebPage\",\"@id\":\"https:\/\/www.capricare.com.mx\/hcp\/nuestra-elaboracion\/\",\"url\":\"https:\/\/www.capricare.com.mx\/hcp\/nuestra-elaboracion\/\",\"name\":\"Nuestra elaboraci\u00f3n - Capricare Mexico HCP\",\"isPartOf\":{\"@id\":\"https:\/\/www.capricare.com.mx\/hcp\/#website\"},\"datePublished\":\"2019-12-20T21:20:54+00:00\",\"dateModified\":\"2023-05-04T20:55:02+00:00\",\"description\":\"Las f\u00f3rmulas de Capricare se hacen con leche entera y se procesan suavemente para preservar la grasa de la leche, una fuente natural de membrana de gl\u00f3bulos grasos de leche y \u00e1cido palm\u00edtico Sn-2.\",\"breadcrumb\":{\"@id\":\"https:\/\/www.capricare.com.mx\/hcp\/nuestra-elaboracion\/#breadcrumb\"},\"inLanguage\":\"en-NZ\",\"potentialAction\":[{\"@type\":\"ReadAction\",\"target\":[\"https:\/\/www.capricare.com.mx\/hcp\/nuestra-elaboracion\/\"]}]},{\"@type\":\"BreadcrumbList\",\"@id\":\"https:\/\/www.capricare.com.mx\/hcp\/nuestra-elaboracion\/#breadcrumb\",\"itemListElement\":[{\"@type\":\"ListItem\",\"position\":1,\"name\":\"Home\",\"item\":\"https:\/\/www.capricare.com.mx\/hcp\/\"},{\"@type\":\"ListItem\",\"position\":2,\"name\":\"Nuestra elaboraci\u00f3n\"}]},{\"@type\":\"WebSite\",\"@id\":\"https:\/\/www.capricare.com.mx\/hcp\/#website\",\"url\":\"https:\/\/www.capricare.com.mx\/hcp\/\",\"name\":\"Capricare Mexico HCP\",\"description\":\"\",\"potentialAction\":[{\"@type\":\"SearchAction\",\"target\":{\"@type\":\"EntryPoint\",\"urlTemplate\":\"https:\/\/www.capricare.com.mx\/hcp\/?s={search_term_string}\"},\"query-input\":\"required name=search_term_string\"}],\"inLanguage\":\"en-NZ\"}]}<\/script>\n<!-- \/ Yoast SEO plugin. -->","yoast_head_json":{"title":"Nuestra elaboraci\u00f3n - Capricare Mexico HCP","description":"Las f\u00f3rmulas de Capricare se hacen con leche entera y se procesan suavemente para preservar la grasa de la leche, una fuente natural de membrana de gl\u00f3bulos grasos de leche y \u00e1cido palm\u00edtico Sn-2.","robots":{"index":"index","follow":"follow","max-snippet":"max-snippet:-1","max-image-preview":"max-image-preview:large","max-video-preview":"max-video-preview:-1"},"canonical":"https:\/\/www.capricare.com.mx\/hcp\/nuestra-elaboracion\/","og_locale":"en_US","og_type":"article","og_title":"Nuestra elaboraci\u00f3n - Capricare Mexico HCP","og_description":"Las f\u00f3rmulas de Capricare se hacen con leche entera y se procesan suavemente para preservar la grasa de la leche, una fuente natural de membrana de gl\u00f3bulos grasos de leche y \u00e1cido palm\u00edtico Sn-2.","og_url":"https:\/\/www.capricare.com.mx\/hcp\/nuestra-elaboracion\/","og_site_name":"Capricare Mexico HCP","article_modified_time":"2023-05-04T20:55:02+00:00","twitter_card":"summary_large_image","twitter_misc":{"Est. reading time":"4 minutes"},"schema":{"@context":"https:\/\/schema.org","@graph":[{"@type":"WebPage","@id":"https:\/\/www.capricare.com.mx\/hcp\/nuestra-elaboracion\/","url":"https:\/\/www.capricare.com.mx\/hcp\/nuestra-elaboracion\/","name":"Nuestra elaboraci\u00f3n - Capricare Mexico HCP","isPartOf":{"@id":"https:\/\/www.capricare.com.mx\/hcp\/#website"},"datePublished":"2019-12-20T21:20:54+00:00","dateModified":"2023-05-04T20:55:02+00:00","description":"Las f\u00f3rmulas de Capricare se hacen con leche entera y se procesan suavemente para preservar la grasa de la leche, una fuente natural de membrana de gl\u00f3bulos grasos de leche y \u00e1cido palm\u00edtico Sn-2.","breadcrumb":{"@id":"https:\/\/www.capricare.com.mx\/hcp\/nuestra-elaboracion\/#breadcrumb"},"inLanguage":"en-NZ","potentialAction":[{"@type":"ReadAction","target":["https:\/\/www.capricare.com.mx\/hcp\/nuestra-elaboracion\/"]}]},{"@type":"BreadcrumbList","@id":"https:\/\/www.capricare.com.mx\/hcp\/nuestra-elaboracion\/#breadcrumb","itemListElement":[{"@type":"ListItem","position":1,"name":"Home","item":"https:\/\/www.capricare.com.mx\/hcp\/"},{"@type":"ListItem","position":2,"name":"Nuestra elaboraci\u00f3n"}]},{"@type":"WebSite","@id":"https:\/\/www.capricare.com.mx\/hcp\/#website","url":"https:\/\/www.capricare.com.mx\/hcp\/","name":"Capricare Mexico HCP","description":"","potentialAction":[{"@type":"SearchAction","target":{"@type":"EntryPoint","urlTemplate":"https:\/\/www.capricare.com.mx\/hcp\/?s={search_term_string}"},"query-input":"required name=search_term_string"}],"inLanguage":"en-NZ"}]}},"_links":{"self":[{"href":"https:\/\/www.capricare.com.mx\/hcp\/wp-json\/wp\/v2\/pages\/12"}],"collection":[{"href":"https:\/\/www.capricare.com.mx\/hcp\/wp-json\/wp\/v2\/pages"}],"about":[{"href":"https:\/\/www.capricare.com.mx\/hcp\/wp-json\/wp\/v2\/types\/page"}],"author":[{"embeddable":true,"href":"https:\/\/www.capricare.com.mx\/hcp\/wp-json\/wp\/v2\/users\/1"}],"replies":[{"embeddable":true,"href":"https:\/\/www.capricare.com.mx\/hcp\/wp-json\/wp\/v2\/comments?post=12"}],"version-history":[{"count":73,"href":"https:\/\/www.capricare.com.mx\/hcp\/wp-json\/wp\/v2\/pages\/12\/revisions"}],"predecessor-version":[{"id":1266,"href":"https:\/\/www.capricare.com.mx\/hcp\/wp-json\/wp\/v2\/pages\/12\/revisions\/1266"}],"wp:attachment":[{"href":"https:\/\/www.capricare.com.mx\/hcp\/wp-json\/wp\/v2\/media?parent=12"}],"curies":[{"name":"wp","href":"https:\/\/api.w.org\/{rel}","templated":true}]}}